{"id":1374,"date":"2025-10-11T12:19:46","date_gmt":"2025-10-11T12:19:46","guid":{"rendered":"https:\/\/businessdecor.es\/?page_id=1374"},"modified":"2026-03-25T19:25:15","modified_gmt":"2026-03-25T19:25:15","slug":"sobre-nosotros","status":"publish","type":"page","link":"https:\/\/businessdecor.es\/?page_id=1374","title":{"rendered":"BLOG"},"content":{"rendered":"\n<div class=\"wp-block-uagb-container uagb-block-2717495d alignfull uagb-is-root-container\"><div class=\"uagb-container-inner-blocks-wrap\">\n<figure class=\"wp-block-image size-large is-resized\"><img loading=\"lazy\" decoding=\"async\" width=\"1024\" height=\"576\" src=\"https:\/\/businessdecor.es\/wp-content\/uploads\/2026\/03\/Blos-site-1024x576.png\" alt=\"\" class=\"wp-image-1643\" style=\"width:1175px;height:auto\" srcset=\"https:\/\/businessdecor.es\/wp-content\/uploads\/2026\/03\/Blos-site-1024x576.png 1024w, https:\/\/businessdecor.es\/wp-content\/uploads\/2026\/03\/Blos-site-300x169.png 300w, https:\/\/businessdecor.es\/wp-content\/uploads\/2026\/03\/Blos-site-768x432.png 768w, https:\/\/businessdecor.es\/wp-content\/uploads\/2026\/03\/Blos-site.png 1280w\" sizes=\"auto, (max-width: 1024px) 100vw, 1024px\" \/><\/figure>\n<\/div><\/div>\n\n\n\n<p>En el blog comparto an\u00e1lisis operativos sobre c\u00f3mo funcionan realmente las operaciones en short stays,  inmobiliarias, constructoras y estudios de interiorismo y d\u00f3nde se generan fallos que afectan la experiencia y rentabilidad.<\/p>\n\n\n\n<p>Hablo de:<\/p>\n\n\n\n<ul class=\"wp-block-list\">\n<li>fallos estructurales en la operaci\u00f3n diaria<\/li>\n\n\n\n<li>errores comunes que generan malas valoraciones<\/li>\n\n\n\n<li>ajustes operativos que impactan directamente en la experiencia<\/li>\n<\/ul>\n\n\n\n<div class=\"wp-block-buttons is-content-justification-center is-layout-flex wp-container-core-buttons-is-layout-a89b3969 wp-block-buttons-is-layout-flex\">\n<div class=\"wp-block-button\"><a class=\"wp-block-button__link wp-element-button\" href=\"https:\/\/businessdecor.blogspot.com\/\">Acceder al blog<\/a><\/div>\n<\/div>\n\n\n\n<p><\/p>\n","protected":false},"excerpt":{"rendered":"<p>En el blog comparto an\u00e1lisis operativos sobre c\u00f3mo funcionan realmente las operaciones en short stays, inmobiliarias, constructoras y estudios de [&hellip;]<\/p>\n","protected":false},"author":1,"featured_media":0,"parent":0,"menu_order":0,"comment_status":"closed","ping_status":"closed","template":"","meta":{"site-sidebar-layout":"default","site-content-layout":"","ast-site-content-layout":"default","site-content-style":"default","site-sidebar-style":"default","ast-global-header-display":"","ast-banner-title-visibility":"","ast-main-header-display":"","ast-hfb-above-header-display":"","ast-hfb-below-header-display":"","ast-hfb-mobile-header-display":"","site-post-title":"","ast-breadcrumbs-content":"","ast-featured-img":"","footer-sml-layout":"","ast-disable-related-posts":"","theme-transparent-header-meta":"","adv-header-id-meta":"","stick-header-meta":"","header-above-stick-meta":"","header-main-stick-meta":"","header-below-stick-meta":"","astra-migrate-meta-layouts":"set","ast-page-background-enabled":"default","ast-page-background-meta":{"desktop":{"background-color":"var(--ast-global-color-4)","background-image":"","background-repeat":"repeat","background-position":"center center","background-size":"auto","background-attachment":"scroll","background-type":"","background-media":"","overlay-type":"","overlay-color":"","overlay-opacity":"","overlay-gradient":""},"tablet":{"background-color":"","background-image":"","background-repeat":"repeat","background-position":"center center","background-size":"auto","background-attachment":"scroll","background-type":"","background-media":"","overlay-type":"","overlay-color":"","overlay-opacity":"","overlay-gradient":""},"mobile":{"background-color":"","background-image":"","background-repeat":"repeat","background-position":"center center","background-size":"auto","background-attachment":"scroll","background-type":"","background-media":"","overlay-type":"","overlay-color":"","overlay-opacity":"","overlay-gradient":""}},"ast-content-background-meta":{"desktop":{"background-color":"var(--ast-global-color-5)","background-image":"","background-repeat":"repeat","background-position":"center center","background-size":"auto","background-attachment":"scroll","background-type":"","background-media":"","overlay-type":"","overlay-color":"","overlay-opacity":"","overlay-gradient":""},"tablet":{"background-color":"var(--ast-global-color-5)","background-image":"","background-repeat":"repeat","background-position":"center center","background-size":"auto","background-attachment":"scroll","background-type":"","background-media":"","overlay-type":"","overlay-color":"","overlay-opacity":"","overlay-gradient":""},"mobile":{"background-color":"var(--ast-global-color-5)","background-image":"","background-repeat":"repeat","background-position":"center center","background-size":"auto","background-attachment":"scroll","background-type":"","background-media":"","overlay-type":"","overlay-color":"","overlay-opacity":"","overlay-gradient":""}},"footnotes":""},"class_list":["post-1374","page","type-page","status-publish","hentry"],"_links":{"self":[{"href":"https:\/\/businessdecor.es\/index.php?rest_route=\/wp\/v2\/pages\/1374","targetHints":{"allow":["GET"]}}],"collection":[{"href":"https:\/\/businessdecor.es\/index.php?rest_route=\/wp\/v2\/pages"}],"about":[{"href":"https:\/\/businessdecor.es\/index.php?rest_route=\/wp\/v2\/types\/page"}],"author":[{"embeddable":true,"href":"https:\/\/businessdecor.es\/index.php?rest_route=\/wp\/v2\/users\/1"}],"replies":[{"embeddable":true,"href":"https:\/\/businessdecor.es\/index.php?rest_route=%2Fwp%2Fv2%2Fcomments&post=1374"}],"version-history":[{"count":24,"href":"https:\/\/businessdecor.es\/index.php?rest_route=\/wp\/v2\/pages\/1374\/revisions"}],"predecessor-version":[{"id":1663,"href":"https:\/\/businessdecor.es\/index.php?rest_route=\/wp\/v2\/pages\/1374\/revisions\/1663"}],"wp:attachment":[{"href":"https:\/\/businessdecor.es\/index.php?rest_route=%2Fwp%2Fv2%2Fmedia&parent=1374"}],"curies":[{"name":"wp","href":"https:\/\/api.w.org\/{rel}","templated":true}]}}