{"id":1334,"date":"2025-10-11T08:46:51","date_gmt":"2025-10-11T08:46:51","guid":{"rendered":"https:\/\/businessdecor.es\/?page_id=1334"},"modified":"2026-02-06T16:08:14","modified_gmt":"2026-02-06T16:08:14","slug":"cookies","status":"publish","type":"page","link":"https:\/\/businessdecor.es\/?page_id=1334","title":{"rendered":"COOKIES"},"content":{"rendered":"\n<p>Este sitio web utiliza&nbsp;<strong>cookies t\u00e9cnicas necesarias<\/strong>&nbsp;para su correcto funcionamiento y, en su caso,&nbsp;<strong>cookies anal\u00edticas an\u00f3nimas<\/strong>&nbsp;destinadas a mejorar el rendimiento y la experiencia de navegaci\u00f3n.<\/p>\n\n\n\n<p>El sitio puede utilizar servicios de terceros (como proveedor de alojamiento, plantillas o herramientas integradas), cuyas cookies y tecnolog\u00edas se rigen por sus propias pol\u00edticas y configuraciones t\u00e9cnicas.<\/p>\n\n\n\n<p>El usuario puede configurar, bloquear o eliminar las cookies mediante la configuraci\u00f3n de su navegador, siendo responsable de dicha gesti\u00f3n. Business Decor no controla ni gestiona directamente las preferencias de cookies del navegador del usuario.<\/p>\n\n\n\n<p>Al continuar navegando por este sitio web, el usuario acepta el uso de cookies conforme a esta pol\u00edtica.<\/p>\n\n\n\n<p><\/p>\n","protected":false},"excerpt":{"rendered":"<p>Este sitio web utiliza&nbsp;cookies t\u00e9cnicas necesarias&nbsp;para su correcto funcionamiento y, en su caso,&nbsp;cookies anal\u00edticas an\u00f3nimas&nbsp;destinadas a mejorar el rendimiento y [&hellip;]<\/p>\n","protected":false},"author":1,"featured_media":0,"parent":0,"menu_order":0,"comment_status":"closed","ping_status":"closed","template":"","meta":{"site-sidebar-layout":"default","site-content-layout":"","ast-site-content-layout":"default","site-content-style":"default","site-sidebar-style":"default","ast-global-header-display":"","ast-banner-title-visibility":"","ast-main-header-display":"","ast-hfb-above-header-display":"","ast-hfb-below-header-display":"","ast-hfb-mobile-header-display":"","site-post-title":"","ast-breadcrumbs-content":"","ast-featured-img":"","footer-sml-layout":"","ast-disable-related-posts":"","theme-transparent-header-meta":"","adv-header-id-meta":"","stick-header-meta":"","header-above-stick-meta":"","header-main-stick-meta":"","header-below-stick-meta":"","astra-migrate-meta-layouts":"set","ast-page-background-enabled":"default","ast-page-background-meta":{"desktop":{"background-color":"var(--ast-global-color-4)","background-image":"","background-repeat":"repeat","background-position":"center center","background-size":"auto","background-attachment":"scroll","background-type":"","background-media":"","overlay-type":"","overlay-color":"","overlay-opacity":"","overlay-gradient":""},"tablet":{"background-color":"","background-image":"","background-repeat":"repeat","background-position":"center center","background-size":"auto","background-attachment":"scroll","background-type":"","background-media":"","overlay-type":"","overlay-color":"","overlay-opacity":"","overlay-gradient":""},"mobile":{"background-color":"","background-image":"","background-repeat":"repeat","background-position":"center center","background-size":"auto","background-attachment":"scroll","background-type":"","background-media":"","overlay-type":"","overlay-color":"","overlay-opacity":"","overlay-gradient":""}},"ast-content-background-meta":{"desktop":{"background-color":"var(--ast-global-color-5)","background-image":"","background-repeat":"repeat","background-position":"center center","background-size":"auto","background-attachment":"scroll","background-type":"","background-media":"","overlay-type":"","overlay-color":"","overlay-opacity":"","overlay-gradient":""},"tablet":{"background-color":"var(--ast-global-color-5)","background-image":"","background-repeat":"repeat","background-position":"center center","background-size":"auto","background-attachment":"scroll","background-type":"","background-media":"","overlay-type":"","overlay-color":"","overlay-opacity":"","overlay-gradient":""},"mobile":{"background-color":"var(--ast-global-color-5)","background-image":"","background-repeat":"repeat","background-position":"center center","background-size":"auto","background-attachment":"scroll","background-type":"","background-media":"","overlay-type":"","overlay-color":"","overlay-opacity":"","overlay-gradient":""}},"footnotes":""},"class_list":["post-1334","page","type-page","status-publish","hentry"],"_links":{"self":[{"href":"https:\/\/businessdecor.es\/index.php?rest_route=\/wp\/v2\/pages\/1334","targetHints":{"allow":["GET"]}}],"collection":[{"href":"https:\/\/businessdecor.es\/index.php?rest_route=\/wp\/v2\/pages"}],"about":[{"href":"https:\/\/businessdecor.es\/index.php?rest_route=\/wp\/v2\/types\/page"}],"author":[{"embeddable":true,"href":"https:\/\/businessdecor.es\/index.php?rest_route=\/wp\/v2\/users\/1"}],"replies":[{"embeddable":true,"href":"https:\/\/businessdecor.es\/index.php?rest_route=%2Fwp%2Fv2%2Fcomments&post=1334"}],"version-history":[{"count":4,"href":"https:\/\/businessdecor.es\/index.php?rest_route=\/wp\/v2\/pages\/1334\/revisions"}],"predecessor-version":[{"id":1576,"href":"https:\/\/businessdecor.es\/index.php?rest_route=\/wp\/v2\/pages\/1334\/revisions\/1576"}],"wp:attachment":[{"href":"https:\/\/businessdecor.es\/index.php?rest_route=%2Fwp%2Fv2%2Fmedia&parent=1334"}],"curies":[{"name":"wp","href":"https:\/\/api.w.org\/{rel}","templated":true}]}}